{"id":901,"date":"2024-10-24T17:25:02","date_gmt":"2024-10-24T21:25:02","guid":{"rendered":"https:\/\/outletdemo.cca-acc.com\/shop\/ccdc-2-contrat-a-prix-forfaitaire-2020\/"},"modified":"2025-02-27T12:55:43","modified_gmt":"2025-02-27T17:55:43","slug":"ccdc-2-contrat-a-prix-forfaitaire-2020","status":"publish","type":"product","link":"https:\/\/outletdemo.cca-acc.com\/fr\/shop\/ccdc-2-contrat-a-prix-forfaitaire-2020\/","title":{"rendered":"CCDC 2 \u2013 Contrat \u00e0 prix forfaitaire 2020"},"content":{"rendered":"<p><strong>Quel est le document ?<\/strong><\/p>\n<p><em>Le contrat \u00e0 prix forfaitaire CCDC 2<\/em> est le contrat standard de l&#8217;industrie entre le propri\u00e9taire et l&#8217;entrepreneur principal. Ce contrat \u00e9tablit un prix fixe unique et pr\u00e9d\u00e9termin\u00e9, ou une somme forfaitaire, pour le projet. <\/p>\n<p>Le contrat d\u00e9crit les exigences et proc\u00e9dures administratives de haut niveau n\u00e9cessaires aux projets de construction, y compris le r\u00f4le et l&#8217;autorit\u00e9 du consultant, les proc\u00e9dures de modification des travaux, les travaux effectu\u00e9s par d&#8217;autres entrepreneurs, les exigences en mati\u00e8re d&#8217;assurance, les conditions pr\u00e9alables \u00e0 la mise en service, les proc\u00e9dures de r\u00e9solution des litiges, l&#8217;occupation anticip\u00e9e par le propri\u00e9taire, et plus encore.<\/p>\n<p>Fonctionnant sur la base d&#8217;un prix stipul\u00e9, le CCDC 2 suppose des paiements mensuels progressifs et fait r\u00e9f\u00e9rence aux l\u00e9gislations provinciales de paiement, le cas \u00e9ch\u00e9ant.<\/p>\n<p>Le CCDC 2 contient les sections suivantes :<\/p>\n<ul>\n<li>Accord entre le propri\u00e9taire et l&#8217;entrepreneur<\/li>\n<li>D\u00e9finitions<\/li>\n<li>Conditions g\u00e9n\u00e9rales\n<ul>\n<li>Dispositions g\u00e9n\u00e9rales<\/li>\n<li>Administration du contrat<\/li>\n<li>Ex\u00e9cution des travaux<\/li>\n<li>Indemnit\u00e9s<\/li>\n<li>Paiement<\/li>\n<li>Changements dans le travail<\/li>\n<li>Avis de d\u00e9faut<\/li>\n<li>R\u00e9solution des litiges<\/li>\n<li>Protection des personnes et des biens<\/li>\n<li>R\u00e8glements applicables<\/li>\n<li>Assurance<\/li>\n<li>Reprise par le propri\u00e9taire<\/li>\n<li>Indemnisation et renonciation<\/li>\n<\/ul>\n<\/li>\n<\/ul>\n<p>Les utilisateurs du CCDC 2 doivent \u00e9galement se familiariser avec la sp\u00e9cification principale du CCDC pour la division 01 \u00ab Exigences g\u00e9n\u00e9rales \u00bb comme document d&#8217;accompagnement.<\/p>\n<p><strong>* Disponible en format \u00e9lectronique seulement.<\/strong><\/p>\n","protected":false},"excerpt":{"rendered":"<p><em>Le contrat \u00e0 prix forfaitaire CCDC 2<\/em> est le contrat standard de l&#8217;industrie entre le propri\u00e9taire et l&#8217;entrepreneur principal. Ce contrat \u00e9tablit un prix fixe unique et pr\u00e9d\u00e9termin\u00e9, ou une somme forfaitaire, pour le projet. <\/p>\n","protected":false},"featured_media":452,"template":"","meta":{"site-sidebar-layout":"default","site-content-layout":"","ast-site-content-layout":"default","site-content-style":"default","site-sidebar-style":"default","ast-global-header-display":"","ast-banner-title-visibility":"","ast-main-header-display":"","ast-hfb-above-header-display":"","ast-hfb-below-header-display":"","ast-hfb-mobile-header-display":"","site-post-title":"","ast-breadcrumbs-content":"","ast-featured-img":"","footer-sml-layout":"","ast-disable-related-posts":"","theme-transparent-header-meta":"default","adv-header-id-meta":"","stick-header-meta":"default","header-above-stick-meta":"","header-main-stick-meta":"","header-below-stick-meta":"","astra-migrate-meta-layouts":"default","ast-page-background-enabled":"default","ast-page-background-meta":{"desktop":{"background-color":"var(--ast-global-color-4)","background-image":"","background-repeat":"repeat","background-position":"center center","background-size":"auto","background-attachment":"scroll","background-type":"","background-media":"","overlay-type":"","overlay-color":"","overlay-opacity":"","overlay-gradient":""},"tablet":{"background-color":"","background-image":"","background-repeat":"repeat","background-position":"center center","background-size":"auto","background-attachment":"scroll","background-type":"","background-media":"","overlay-type":"","overlay-color":"","overlay-opacity":"","overlay-gradient":""},"mobile":{"background-color":"","background-image":"","background-repeat":"repeat","background-position":"center center","background-size":"auto","background-attachment":"scroll","background-type":"","background-media":"","overlay-type":"","overlay-color":"","overlay-opacity":"","overlay-gradient":""}},"ast-content-background-meta":{"desktop":{"background-color":"var(--ast-global-color-5)","background-image":"","background-repeat":"repeat","background-position":"center center","background-size":"auto","background-attachment":"scroll","background-type":"","background-media":"","overlay-type":"","overlay-color":"","overlay-opacity":"","overlay-gradient":""},"tablet":{"background-color":"var(--ast-global-color-5)","background-image":"","background-repeat":"repeat","background-position":"center center","background-size":"auto","background-attachment":"scroll","background-type":"","background-media":"","overlay-type":"","overlay-color":"","overlay-opacity":"","overlay-gradient":""},"mobile":{"background-color":"var(--ast-global-color-5)","background-image":"","background-repeat":"repeat","background-position":"center center","background-size":"auto","background-attachment":"scroll","background-type":"","background-media":"","overlay-type":"","overlay-color":"","overlay-opacity":"","overlay-gradient":""}}},"product_brand":[],"product_cat":[45],"product_tag":[],"class_list":{"0":"post-901","1":"product","2":"type-product","3":"status-publish","4":"has-post-thumbnail","6":"product_cat-sceaux-classiques-ccdc","7":"desktop-align-left","8":"tablet-align-left","9":"mobile-align-left","10":"ast-product-gallery-layout-horizontal-slider","11":"ast-product-gallery-with-no-image","12":"ast-magnify-disabled","13":"ast-product-tabs-layout-horizontal","14":"ast-qv-on-image-click","16":"first","17":"instock","18":"sale","19":"downloadable","20":"taxable","21":"shipping-taxable","22":"purchasable","23":"product-type-simple"},"_links":{"self":[{"href":"https:\/\/outletdemo.cca-acc.com\/fr\/wp-json\/wp\/v2\/product\/901","targetHints":{"allow":["GET"]}}],"collection":[{"href":"https:\/\/outletdemo.cca-acc.com\/fr\/wp-json\/wp\/v2\/product"}],"about":[{"href":"https:\/\/outletdemo.cca-acc.com\/fr\/wp-json\/wp\/v2\/types\/product"}],"wp:featuredmedia":[{"embeddable":true,"href":"https:\/\/outletdemo.cca-acc.com\/fr\/wp-json\/wp\/v2\/media\/452"}],"wp:attachment":[{"href":"https:\/\/outletdemo.cca-acc.com\/fr\/wp-json\/wp\/v2\/media?parent=901"}],"wp:term":[{"taxonomy":"product_brand","embeddable":true,"href":"https:\/\/outletdemo.cca-acc.com\/fr\/wp-json\/wp\/v2\/product_brand?post=901"},{"taxonomy":"product_cat","embeddable":true,"href":"https:\/\/outletdemo.cca-acc.com\/fr\/wp-json\/wp\/v2\/product_cat?post=901"},{"taxonomy":"product_tag","embeddable":true,"href":"https:\/\/outletdemo.cca-acc.com\/fr\/wp-json\/wp\/v2\/product_tag?post=901"}],"curies":[{"name":"wp","href":"https:\/\/api.w.org\/{rel}","templated":true}]}}