{"id":899,"date":"2024-10-24T18:41:38","date_gmt":"2024-10-24T22:41:38","guid":{"rendered":"https:\/\/outletdemo.cca-acc.com\/shop\/ccdc-11-declaration-de-qualification-de-lentrepreneur-2019\/"},"modified":"2025-02-27T12:54:40","modified_gmt":"2025-02-27T17:54:40","slug":"ccdc-11-declaration-de-qualification-de-lentrepreneur-2019","status":"publish","type":"product","link":"https:\/\/outletdemo.cca-acc.com\/fr\/shop\/ccdc-11-declaration-de-qualification-de-lentrepreneur-2019\/","title":{"rendered":"CCDC 11 \u2013 D\u00e9claration de qualification de l&#8217;entrepreneur 2019"},"content":{"rendered":"<p><em>Le CCDC 11 \u2013 D\u00e9claration de qualification de l\u2019entrepreneur<\/em> offre un format standard permettant aux entrepreneurs de fournir des informations sur leur entreprise, leurs capacit\u00e9s, leurs comp\u00e9tences et leur exp\u00e9rience. Il comprend : <\/p>\n<p><b>Informations sur l&#8217;entreprise \u2013<\/b> structure juridique, r\u00e9f\u00e9rence financi\u00e8re, r\u00e9f\u00e9rence de s\u00e9curit\u00e9 du contrat, r\u00e9f\u00e9rence d&#8217;assurance, sant\u00e9 et s\u00e9curit\u00e9, \u00e9valuation des travaux de construction projet\u00e9s pour l&#8217;ann\u00e9e en cours et valeur r\u00e9elle des quatre derni\u00e8res ann\u00e9es.<\/p>\n<p><b>Qualification et exp\u00e9rience du personnel \u2013<\/b> personnel cl\u00e9 du bureau et du site propos\u00e9 pour la d\u00e9claration de qualification.<\/p>\n<p><b>Exp\u00e9rience de projet \u2013<\/b> Une liste de cinq projets pertinents pour chacun des \u00e9l\u00e9ments suivants :<\/p>\n<ul>\n<li>Principaux projets de construction achev\u00e9s au cours des cinq derni\u00e8res ann\u00e9es ;<\/li>\n<li>Projets de construction comparables achev\u00e9s ;<\/li>\n<li>Projets de construction cl\u00e9s en cours. Pour conna\u00eetre les pratiques recommand\u00e9es concernant le processus de pr\u00e9qualification, consultez le CCDC 29 \u2013 Guide de pr\u00e9qualification.<\/li>\n<\/ul>\n<p><strong>* Disponible en format \u00e9lectronique seulement.<\/strong><\/p>\n","protected":false},"excerpt":{"rendered":"<p><em>Le CCDC 11 \u2013 D\u00e9claration de qualification de l\u2019entrepreneur<\/em> offre un format standard permettant aux entrepreneurs de fournir des informations sur leur entreprise, leurs capacit\u00e9s, leurs comp\u00e9tences et leur exp\u00e9rience.<\/p>\n","protected":false},"featured_media":453,"template":"","meta":{"site-sidebar-layout":"default","site-content-layout":"","ast-site-content-layout":"default","site-content-style":"default","site-sidebar-style":"default","ast-global-header-display":"","ast-banner-title-visibility":"","ast-main-header-display":"","ast-hfb-above-header-display":"","ast-hfb-below-header-display":"","ast-hfb-mobile-header-display":"","site-post-title":"","ast-breadcrumbs-content":"","ast-featured-img":"","footer-sml-layout":"","ast-disable-related-posts":"","theme-transparent-header-meta":"default","adv-header-id-meta":"","stick-header-meta":"default","header-above-stick-meta":"","header-main-stick-meta":"","header-below-stick-meta":"","astra-migrate-meta-layouts":"default","ast-page-background-enabled":"default","ast-page-background-meta":{"desktop":{"background-color":"var(--ast-global-color-4)","background-image":"","background-repeat":"repeat","background-position":"center center","background-size":"auto","background-attachment":"scroll","background-type":"","background-media":"","overlay-type":"","overlay-color":"","overlay-opacity":"","overlay-gradient":""},"tablet":{"background-color":"","background-image":"","background-repeat":"repeat","background-position":"center center","background-size":"auto","background-attachment":"scroll","background-type":"","background-media":"","overlay-type":"","overlay-color":"","overlay-opacity":"","overlay-gradient":""},"mobile":{"background-color":"","background-image":"","background-repeat":"repeat","background-position":"center center","background-size":"auto","background-attachment":"scroll","background-type":"","background-media":"","overlay-type":"","overlay-color":"","overlay-opacity":"","overlay-gradient":""}},"ast-content-background-meta":{"desktop":{"background-color":"var(--ast-global-color-5)","background-image":"","background-repeat":"repeat","background-position":"center center","background-size":"auto","background-attachment":"scroll","background-type":"","background-media":"","overlay-type":"","overlay-color":"","overlay-opacity":"","overlay-gradient":""},"tablet":{"background-color":"var(--ast-global-color-5)","background-image":"","background-repeat":"repeat","background-position":"center center","background-size":"auto","background-attachment":"scroll","background-type":"","background-media":"","overlay-type":"","overlay-color":"","overlay-opacity":"","overlay-gradient":""},"mobile":{"background-color":"var(--ast-global-color-5)","background-image":"","background-repeat":"repeat","background-position":"center center","background-size":"auto","background-attachment":"scroll","background-type":"","background-media":"","overlay-type":"","overlay-color":"","overlay-opacity":"","overlay-gradient":""}}},"product_brand":[],"product_cat":[46],"product_tag":[],"class_list":{"0":"post-899","1":"product","2":"type-product","3":"status-publish","4":"has-post-thumbnail","6":"product_cat-documents-classiques-du-ccdc","7":"desktop-align-left","8":"tablet-align-left","9":"mobile-align-left","10":"ast-product-gallery-layout-horizontal-slider","11":"ast-product-gallery-with-no-image","12":"ast-magnify-disabled","13":"ast-product-tabs-layout-horizontal","14":"ast-qv-on-image-click","16":"first","17":"instock","18":"sale","19":"taxable","20":"shipping-taxable","21":"purchasable","22":"product-type-simple"},"_links":{"self":[{"href":"https:\/\/outletdemo.cca-acc.com\/fr\/wp-json\/wp\/v2\/product\/899","targetHints":{"allow":["GET"]}}],"collection":[{"href":"https:\/\/outletdemo.cca-acc.com\/fr\/wp-json\/wp\/v2\/product"}],"about":[{"href":"https:\/\/outletdemo.cca-acc.com\/fr\/wp-json\/wp\/v2\/types\/product"}],"wp:featuredmedia":[{"embeddable":true,"href":"https:\/\/outletdemo.cca-acc.com\/fr\/wp-json\/wp\/v2\/media\/453"}],"wp:attachment":[{"href":"https:\/\/outletdemo.cca-acc.com\/fr\/wp-json\/wp\/v2\/media?parent=899"}],"wp:term":[{"taxonomy":"product_brand","embeddable":true,"href":"https:\/\/outletdemo.cca-acc.com\/fr\/wp-json\/wp\/v2\/product_brand?post=899"},{"taxonomy":"product_cat","embeddable":true,"href":"https:\/\/outletdemo.cca-acc.com\/fr\/wp-json\/wp\/v2\/product_cat?post=899"},{"taxonomy":"product_tag","embeddable":true,"href":"https:\/\/outletdemo.cca-acc.com\/fr\/wp-json\/wp\/v2\/product_tag?post=899"}],"curies":[{"name":"wp","href":"https:\/\/api.w.org\/{rel}","templated":true}]}}