{"id":891,"date":"2024-10-24T18:47:23","date_gmt":"2024-10-24T22:47:23","guid":{"rendered":"https:\/\/outletdemo.cca-acc.com\/shop\/ccdc-9a-declaration-statutaire-de-2018-sur-la-distribution-des-paiements-progressifs-par-lentrepreneur\/"},"modified":"2025-02-27T12:54:27","modified_gmt":"2025-02-27T17:54:27","slug":"ccdc-9a-declaration-statutaire-de-2018-sur-la-distribution-des-paiements-progressifs-par-lentrepreneur","status":"publish","type":"product","link":"https:\/\/outletdemo.cca-acc.com\/fr\/shop\/ccdc-9a-declaration-statutaire-de-2018-sur-la-distribution-des-paiements-progressifs-par-lentrepreneur\/","title":{"rendered":"CCDC 9A \u2013 D\u00e9claration statutaire de 2018 sur la distribution des paiements progressifs par l&#8217;entrepreneur"},"content":{"rendered":"<p><em>La d\u00e9claration statutaire CCDC 9A \u2013 2018 de distribution des paiements progressifs par l\u2019entrepreneur<\/em> est une d\u00e9claration sous serment \u00e0 utiliser par l\u2019entrepreneur comme condition de r\u00e9ception du paiement pour la deuxi\u00e8me demande et les demandes ult\u00e9rieures de paiement progressif ou pour la lib\u00e9ration des fonds de retenue.<\/p>\n<p>Pour plus d&#8217;informations sur les d\u00e9clarations statutaires, veuillez consulter <a href=\"https:\/\/www.ccdc.org\/wp-content\/uploads\/2019\/01\/bulletin21en.pdf\" data-feathr-click-track=\"true\" data-feathr-link-aids=\"61a647d95d8a551f173fd0a4\">le Bulletin n\u00b0 21<\/a><\/p>\n<p><strong>* Disponible en format \u00e9lectronique seulement. Ce document est gratuit.<\/strong><\/p>\n","protected":false},"excerpt":{"rendered":"<p>La d\u00e9claration statutaire CCDC 9A \u2013 2018 de distribution des paiements progressifs par l\u2019entrepreneur est une d\u00e9claration sous serment \u00e0 utiliser par l\u2019entrepreneur comme condition de r\u00e9ception du paiement pour la deuxi\u00e8me demande et les demandes ult\u00e9rieures de paiement progressif ou pour la lib\u00e9ration des fonds de retenue. Pour plus d&#8217;informations sur les d\u00e9clarations statutaires, [&hellip;]<\/p>\n","protected":false},"featured_media":736,"template":"","meta":{"site-sidebar-layout":"default","site-content-layout":"","ast-site-content-layout":"default","site-content-style":"default","site-sidebar-style":"default","ast-global-header-display":"","ast-banner-title-visibility":"","ast-main-header-display":"","ast-hfb-above-header-display":"","ast-hfb-below-header-display":"","ast-hfb-mobile-header-display":"","site-post-title":"","ast-breadcrumbs-content":"","ast-featured-img":"","footer-sml-layout":"","ast-disable-related-posts":"","theme-transparent-header-meta":"default","adv-header-id-meta":"","stick-header-meta":"default","header-above-stick-meta":"","header-main-stick-meta":"","header-below-stick-meta":"","astra-migrate-meta-layouts":"default","ast-page-background-enabled":"default","ast-page-background-meta":{"desktop":{"background-color":"var(--ast-global-color-4)","background-image":"","background-repeat":"repeat","background-position":"center center","background-size":"auto","background-attachment":"scroll","background-type":"","background-media":"","overlay-type":"","overlay-color":"","overlay-opacity":"","overlay-gradient":""},"tablet":{"background-color":"","background-image":"","background-repeat":"repeat","background-position":"center center","background-size":"auto","background-attachment":"scroll","background-type":"","background-media":"","overlay-type":"","overlay-color":"","overlay-opacity":"","overlay-gradient":""},"mobile":{"background-color":"","background-image":"","background-repeat":"repeat","background-position":"center center","background-size":"auto","background-attachment":"scroll","background-type":"","background-media":"","overlay-type":"","overlay-color":"","overlay-opacity":"","overlay-gradient":""}},"ast-content-background-meta":{"desktop":{"background-color":"var(--ast-global-color-5)","background-image":"","background-repeat":"repeat","background-position":"center center","background-size":"auto","background-attachment":"scroll","background-type":"","background-media":"","overlay-type":"","overlay-color":"","overlay-opacity":"","overlay-gradient":""},"tablet":{"background-color":"var(--ast-global-color-5)","background-image":"","background-repeat":"repeat","background-position":"center center","background-size":"auto","background-attachment":"scroll","background-type":"","background-media":"","overlay-type":"","overlay-color":"","overlay-opacity":"","overlay-gradient":""},"mobile":{"background-color":"var(--ast-global-color-5)","background-image":"","background-repeat":"repeat","background-position":"center center","background-size":"auto","background-attachment":"scroll","background-type":"","background-media":"","overlay-type":"","overlay-color":"","overlay-opacity":"","overlay-gradient":""}}},"product_brand":[],"product_cat":[46],"product_tag":[],"class_list":{"0":"post-891","1":"product","2":"type-product","3":"status-publish","4":"has-post-thumbnail","6":"product_cat-documents-classiques-du-ccdc","7":"desktop-align-left","8":"tablet-align-left","9":"mobile-align-left","10":"ast-product-gallery-layout-horizontal-slider","11":"ast-product-gallery-with-no-image","12":"ast-magnify-disabled","13":"ast-product-tabs-layout-horizontal","14":"ast-qv-on-image-click","16":"first","17":"instock","18":"sale","19":"taxable","20":"shipping-taxable","21":"purchasable","22":"product-type-simple"},"_links":{"self":[{"href":"https:\/\/outletdemo.cca-acc.com\/fr\/wp-json\/wp\/v2\/product\/891","targetHints":{"allow":["GET"]}}],"collection":[{"href":"https:\/\/outletdemo.cca-acc.com\/fr\/wp-json\/wp\/v2\/product"}],"about":[{"href":"https:\/\/outletdemo.cca-acc.com\/fr\/wp-json\/wp\/v2\/types\/product"}],"wp:featuredmedia":[{"embeddable":true,"href":"https:\/\/outletdemo.cca-acc.com\/fr\/wp-json\/wp\/v2\/media\/736"}],"wp:attachment":[{"href":"https:\/\/outletdemo.cca-acc.com\/fr\/wp-json\/wp\/v2\/media?parent=891"}],"wp:term":[{"taxonomy":"product_brand","embeddable":true,"href":"https:\/\/outletdemo.cca-acc.com\/fr\/wp-json\/wp\/v2\/product_brand?post=891"},{"taxonomy":"product_cat","embeddable":true,"href":"https:\/\/outletdemo.cca-acc.com\/fr\/wp-json\/wp\/v2\/product_cat?post=891"},{"taxonomy":"product_tag","embeddable":true,"href":"https:\/\/outletdemo.cca-acc.com\/fr\/wp-json\/wp\/v2\/product_tag?post=891"}],"curies":[{"name":"wp","href":"https:\/\/api.w.org\/{rel}","templated":true}]}}