{"id":889,"date":"2025-01-30T14:50:36","date_gmt":"2025-01-30T19:50:36","guid":{"rendered":"https:\/\/outletdemo.cca-acc.com\/shop\/inscription-signasur-inscription-annuelle-1-an\/"},"modified":"2025-06-04T15:25:06","modified_gmt":"2025-06-04T19:25:06","slug":"inscription-signasur-inscription-annuelle-1-an","status":"publish","type":"product","link":"https:\/\/outletdemo.cca-acc.com\/fr\/shop\/inscription-signasur-inscription-annuelle-1-an\/","title":{"rendered":"Inscription SignaSur (inscription annuelle 1 an)"},"content":{"rendered":"<p>L&#8217;inscription \u00e0 SignaSur offre un acc\u00e8s d&#8217;un an pour cr\u00e9er, collaborer, stocker et sceller num\u00e9riquement tout contrat ou formulaire. Cette inscription comprend l&#8217;acc\u00e8s aux guides CCDC et CCA, \u00e0 certains webinaires \u00e0 la demande et \u00e0 trois cr\u00e9dits CCDC 9 gratuits pour vous aider \u00e0 d\u00e9marrer. Achetez des cr\u00e9dits pour tout formulaire suppl\u00e9mentaire, contrat ou sp\u00e9cification principale \u00e0 tout moment, dans n&#8217;importe quelle quantit\u00e9, aupr\u00e8s de n&#8217;importe quel point de vente de documents autoris\u00e9.<\/p>\n","protected":false},"excerpt":{"rendered":"<p>Acc\u00e8s annuel \u00e0 SignaSur. Comprend des guides, des webinaires et 3 cr\u00e9dits CCDC 9 gratuits.<\/p>\n","protected":false},"featured_media":1489,"template":"","meta":{"site-sidebar-layout":"default","site-content-layout":"","ast-site-content-layout":"default","site-content-style":"default","site-sidebar-style":"default","ast-global-header-display":"","ast-banner-title-visibility":"","ast-main-header-display":"","ast-hfb-above-header-display":"","ast-hfb-below-header-display":"","ast-hfb-mobile-header-display":"","site-post-title":"","ast-breadcrumbs-content":"","ast-featured-img":"","footer-sml-layout":"","ast-disable-related-posts":"","theme-transparent-header-meta":"default","adv-header-id-meta":"","stick-header-meta":"default","header-above-stick-meta":"","header-main-stick-meta":"","header-below-stick-meta":"","astra-migrate-meta-layouts":"set","ast-page-background-enabled":"default","ast-page-background-meta":{"desktop":{"background-color":"var(--ast-global-color-4)","background-image":"","background-repeat":"repeat","background-position":"center center","background-size":"auto","background-attachment":"scroll","background-type":"","background-media":"","overlay-type":"","overlay-color":"","overlay-opacity":"","overlay-gradient":""},"tablet":{"background-color":"","background-image":"","background-repeat":"repeat","background-position":"center center","background-size":"auto","background-attachment":"scroll","background-type":"","background-media":"","overlay-type":"","overlay-color":"","overlay-opacity":"","overlay-gradient":""},"mobile":{"background-color":"","background-image":"","background-repeat":"repeat","background-position":"center center","background-size":"auto","background-attachment":"scroll","background-type":"","background-media":"","overlay-type":"","overlay-color":"","overlay-opacity":"","overlay-gradient":""}},"ast-content-background-meta":{"desktop":{"background-color":"var(--ast-global-color-5)","background-image":"","background-repeat":"repeat","background-position":"center center","background-size":"auto","background-attachment":"scroll","background-type":"","background-media":"","overlay-type":"","overlay-color":"","overlay-opacity":"","overlay-gradient":""},"tablet":{"background-color":"var(--ast-global-color-5)","background-image":"","background-repeat":"repeat","background-position":"center center","background-size":"auto","background-attachment":"scroll","background-type":"","background-media":"","overlay-type":"","overlay-color":"","overlay-opacity":"","overlay-gradient":""},"mobile":{"background-color":"var(--ast-global-color-5)","background-image":"","background-repeat":"repeat","background-position":"center center","background-size":"auto","background-attachment":"scroll","background-type":"","background-media":"","overlay-type":"","overlay-color":"","overlay-opacity":"","overlay-gradient":""}}},"product_brand":[],"product_cat":[44],"product_tag":[],"class_list":{"0":"post-889","1":"product","2":"type-product","3":"status-publish","4":"has-post-thumbnail","6":"product_cat-signasur-fr","7":"desktop-align-left","8":"tablet-align-left","9":"mobile-align-left","10":"ast-product-gallery-layout-horizontal-slider","11":"ast-product-gallery-with-no-image","12":"ast-magnify-disabled","13":"ast-product-tabs-layout-horizontal","14":"ast-qv-on-image-click","16":"first","17":"instock","18":"sale","19":"virtual","20":"sold-individually","21":"taxable","22":"purchasable","23":"product-type-simple"},"_links":{"self":[{"href":"https:\/\/outletdemo.cca-acc.com\/fr\/wp-json\/wp\/v2\/product\/889","targetHints":{"allow":["GET"]}}],"collection":[{"href":"https:\/\/outletdemo.cca-acc.com\/fr\/wp-json\/wp\/v2\/product"}],"about":[{"href":"https:\/\/outletdemo.cca-acc.com\/fr\/wp-json\/wp\/v2\/types\/product"}],"wp:featuredmedia":[{"embeddable":true,"href":"https:\/\/outletdemo.cca-acc.com\/fr\/wp-json\/wp\/v2\/media\/1489"}],"wp:attachment":[{"href":"https:\/\/outletdemo.cca-acc.com\/fr\/wp-json\/wp\/v2\/media?parent=889"}],"wp:term":[{"taxonomy":"product_brand","embeddable":true,"href":"https:\/\/outletdemo.cca-acc.com\/fr\/wp-json\/wp\/v2\/product_brand?post=889"},{"taxonomy":"product_cat","embeddable":true,"href":"https:\/\/outletdemo.cca-acc.com\/fr\/wp-json\/wp\/v2\/product_cat?post=889"},{"taxonomy":"product_tag","embeddable":true,"href":"https:\/\/outletdemo.cca-acc.com\/fr\/wp-json\/wp\/v2\/product_tag?post=889"}],"curies":[{"name":"wp","href":"https:\/\/api.w.org\/{rel}","templated":true}]}}